{"id":436,"date":"2023-01-09T11:38:18","date_gmt":"2023-01-09T11:38:18","guid":{"rendered":"https:\/\/espiche-golf.crochet.pt\/home\/"},"modified":"2026-04-20T11:18:18","modified_gmt":"2026-04-20T11:18:18","slug":"home","status":"publish","type":"page","link":"https:\/\/www.espichegolf.pt\/pt-pt\/","title":{"rendered":"Home"},"content":{"rendered":"<section class=\"banner-slide-video\" style=\"margin: 0px; overflow: hidden !important;\">\n    <div>\n      <div class=\"swiper mySwiper\" style=\"height: 100vh\">\n        <div class=\"swiper-wrapper\">\n          <div class=\"swiper-slide bg-img\">\n                        <img loading=\"eager\"src=\"https:\/\/www.espichegolf.pt\/wp-content\/uploads\/2024\/07\/EG_GOLF-53-scaled.jpg\" alt=\"Espiche Golf Lagos\" height=\"100\" width=\"100\">\n                        <div class=\"banner-content\">\n                            <h1>Um espa\u00e7o \u00fanico rodeado <br> por natureza<\/h1>\n                                    <\/div>\n            <\/div>\n        \n          <div class=\"swiper-slide bg-img\">\n                       <img decoding=\"async\" loading=\"eager\" src=\"https:\/\/www.espichegolf.pt\/wp-content\/uploads\/2024\/07\/EG_GOLF-58-scaled.jpg\" alt=\"Espiche Golf Algarve\" height=\"100\" width=\"100\">\n                        <div class=\"banner-content\">\n                                    <h1>Um espa\u00e7o \u00fanico rodeado <br> por natureza<\/h1>\n                                            <\/div>\n          <\/div>\n          <div class=\"swiper-slide bg-img\">\n                        <img decoding=\"async\" loading=\"eager\" src=\"https:\/\/www.espichegolf.pt\/wp-content\/uploads\/2023\/06\/EG_GOLF-14-min.jpg\" alt=\"Golfe e clubhouse Lagos\" height=\"100\" width=\"100\">\n                        <div class=\"banner-content\">\n                                    <h1>Um espa\u00e7o \u00fanico rodeado <br> por natureza<\/h1>\n                                            <\/div>\n          <\/div>\n        <\/div>\n        <div class=\"btn-slides\">\n            <div class=\"swiper-pagination\"><\/div>\n            <div class=\"swiper-button-next\"><\/div>\n            <div class=\"swiper-button-prev\"><\/div>\n        <\/div>\n      <\/div>\n    <\/div>\n    <!-- img -->\n  <\/section>\n\n<!-- main-banner -->\r\n<div id=\"wrapper\">\r\n    <section class=\"intro-section\">\r\n        <div class=\"container\">\r\n            <div class=\"row-intro\">\r\n                <div class=\"div-text\">\r\n                                                                            <h2>Preserva\u00e7\u00e3o, conserva\u00e7\u00e3o e inova\u00e7\u00e3o est\u00e3o no cora\u00e7\u00e3o do <mark>Espiche Golf<\/mark><\/h2>\r\n                                        <\/div>\r\n                <div class=\"div-text\">\r\n                                                                        <p>No Espiche Golf, cada elemento do campo de golfe, das suas infraestruturas e do futuro empreendimento hoteleiro e residencial, foi cuidadosamente pensado para respeitar e valorizar as caracter\u00edsticas \u00fanicas do ambiente natural.<\/p>\r\n                    \r\n                                                                <a href=\"https:\/\/www.espichegolf.pt\/pt-pt\/sobre\/\" class=\"btn btn-blue div-text center-btn\">Descobrir<\/a>\r\n                                    <\/div>\r\n            <\/div>\r\n        <\/div>\r\n        <div class=\"video-container\" style=\"margin: 50px 0;\">\r\n                                        <video autoplay loop muted aria-hidden=\"true\">\r\n                    <source src=\"https:\/\/www.espichegolf.pt\/wp-content\/uploads\/2023\/07\/video-intro-espiche.mp4\" type=\"video\/mp4\">\r\n                    <source src=\"https:\/\/www.espichegolf.pt\/wp-content\/uploads\/2023\/07\/video-intro-espiche.mp4\" type=\"video\/ogg\">\r\n                    Your browser does not support the video tag.\r\n                <\/video>\r\n                    <\/div>\r\n    <\/section>\r\n<\/div>\n\n<section class=\"slides-section\" style=\"overflow: hidden;\">   \n<div class=\"container\">\n        <div class=\"row\">\n            <div class=\"img appear animation-left col-lg-6 col-md-6\">\n                <div class=\"swiper mySwiper\">\n                    <div class=\"swiper-wrapper\" style=\"padding-bottom: 40px;\">\n                                                    <div class=\"swiper-slide\">\n                                <!-- Slides -->\n                                <img decoding=\"async\" loading=\"lazy\" src=\"https:\/\/www.espichegolf.pt\/wp-content\/uploads\/2023\/06\/EG_GOLF-53-min.jpg\" alt=\"espiche-images\" style=\"height:auto;\">\n                            <\/div>\n                                            <\/div>\n\n                    <div class=\"swiper-pagination\"><\/div>\n                    <!--<div class=\"swiper-button-next btn-slide-next\"><\/div>\n                    <div class=\"swiper-button-prev btn-slide-prev\"><\/div>-->\n                <\/div>\n            <\/div>\n            <div class=\"appear animation-right col-lg-6 col-md-6\">\n                                    <h2 class=\"text-slides-info\">Campo de Golfe<\/h2>\n                \n                                    <p class=\"text-slides-info\">Embarque numa experi\u00eancia de golfe como nenhuma outra no Espiche Golf, um destino de golfe em Lagos, Portugal. Enquadrado pela deslumbrante paisagem do Algarve, o nosso campo de golfe atrai entusiastas que procuram uma experi\u00eancia de golfe incompar\u00e1vel.<\/p>\n                \n                                                            <a href=\"https:\/\/www.espichegolf.pt\/pt-pt\/golf\/campo-de-golfe\/\" class=\"btn btn-blue\">Ler mais<\/a>\n                                    \n            <\/div>\n        <\/div>\n        <div class=\"row row-reverse-slide\" style=\"margin-top: 3rem;\">\n            <div class=\"appear animation-right col-lg-6 col-md-6\">\n\n                                    <h2 class=\"text-slides-info\">Membership<\/h2>\n                                                    <p class=\"text-slides-info\">Descubra a combina\u00e7\u00e3o perfeita entre fairways desafiantes e a paisagem envolvente do Algarve. Os golfistas que desejem tirar pleno partido do campo de golfe do Espiche Golf, das suas infraestruturas e do ambiente acolhedor s\u00e3o convidados a tornar-se membros do nosso clube distinto.<\/p>\n                \n                                                            <a href=\"https:\/\/www.espichegolf.pt\/pt-pt\/golf\/membros\/\" class=\"btn btn-blue\">Ler mais<\/a>\n                                    \n            <\/div>\n            <div class=\"img appear animation-left col-lg-6 col-md-6\">\n                <div class=\"swiper mySwiper\">\n                    <div class=\"swiper-wrapper\" style=\"padding-bottom: 40px;\">\n                        \n                            <div class=\"swiper-slide\">\n                                <!-- Slides -->\n                                <img decoding=\"async\" src=\"https:\/\/www.espichegolf.pt\/wp-content\/uploads\/2023\/06\/Espiche_GC_Pro_2768-min.jpg\" alt=\"membership-espiche\" style=\"height:auto;\">\n                            <\/div>\n                                            <\/div>\n\n                    <div class=\"swiper-pagination\"><\/div>\n                    <!--<div class=\"swiper-button-next btn-slide-next\"><\/div>\n                    <div class=\"swiper-button-prev btn-slide-prev\"><\/div>-->\n                <\/div>\n            <\/div>\n        <\/div>\n    <\/div>\n<!-- container -->\n<\/section>\n<!-- intro section -->\n\n\n<!-- header -->\n<figure class=\"main-banner\">\n  <figcaption>\n    <div class=\"container\">\n      <div class=\"row\">\n        <div class=\"col-xl-8 col-lg-10 mx-auto appear animation-opacity\">\n                      <h2 class=\"h1\"  style=\"color: white; font-weight: bold;\">\n              Clubhouse <br> &#038; Restaurante Gecko            <\/h2>\n                                          <p class=\"text-slides-info\"  style=\"color: white; text-align: center;\">Desfrute de uma experi\u00eancia gastron\u00f3mica descontra\u00edda ao longo do dia no Restaurante Gecko, localizado no clubhouse do Espiche Golf. Com vista para o campo, o clubhouse oferece vistas deslumbrantes sobre a paisagem envolvente do Algarve, criando o cen\u00e1rio perfeito para relaxar e saborear pratos frescos e sazonais, inspirados em sabores locais e mediterr\u00e2nicos.<\/p>\n            \n                                <a href=\"https:\/\/www.espichegolf.pt\/pt-pt\/gecko-restaurant\/\" class=\"btn btn-white\">Explorar<\/a>\n                            <\/div>\n      <\/div>\n    <\/div>\n    <!-- container -->\n  <\/figcaption>\n  <div class=\"img bg-img\">\n\n          <img decoding=\"async\" src=\"https:\/\/www.espichegolf.pt\/wp-content\/uploads\/2023\/01\/espiche-golf-restaurant-scaled.webp\" alt=\"Restaurant Golf in Algarve\">\n       <\/div>\n  <!-- img -->\n<\/figure>\n\n<section class=\"testimonial-section\">\r\n    <div class=\"testimonial swiper mySwiper\">\r\n                <h2 class=\"text-title-sections\">Testemunhos<\/h2>\r\n                <div class=\"testi-content swiper-wrapper\">\r\n\r\n                        <div class=\"slide swiper-slide\" style=\"height: auto;\">\r\n                <i class=\"bx bxs-quote-alt-left quote-icon\"><\/i>\r\n                <p>Campo de golfe muito agrad\u00e1vel, muito bem conservado. Os buracos est\u00e3o bem espa\u00e7ados, pelo que \u00e9 poss\u00edvel jogar tranquilamente. Os greens est\u00e3o bem conservados e rolam bem. Vale a pena a visita!\r\n\r\n<\/p>\r\n                <div class=\"details\">\r\n                    <span class=\"name\">Alex Olyslager <\/span>\r\n                <\/div>\r\n            <\/div>\r\n                        <div class=\"slide swiper-slide\" style=\"height: auto;\">\r\n                <i class=\"bx bxs-quote-alt-left quote-icon\"><\/i>\r\n                <p>Campo muito bem mantido, fairways r\u00e1pidos, bunkers justos e em combina\u00e7\u00e3o com a natureza um dos melhores campos desta regi\u00e3o.\r\n\r\n<\/p>\r\n                <div class=\"details\">\r\n                    <span class=\"name\">Martin Georg Hilke<\/span>\r\n                <\/div>\r\n            <\/div>\r\n                        <div class=\"slide swiper-slide\" style=\"height: auto;\">\r\n                <i class=\"bx bxs-quote-alt-left quote-icon\"><\/i>\r\n                <p>Campo de golfe desafiante, bom servi\u00e7o e pessoas simp\u00e1ticas.<\/p>\r\n                <div class=\"details\">\r\n                    <span class=\"name\">Michel de Bruin<\/span>\r\n                <\/div>\r\n            <\/div>\r\n                    <\/div>\r\n        <div class=\"swiper-button-next swiper-btn-testimonial-next\" style=\"width: 1.75rem !important;\"><\/div>\r\n        <div class=\"swiper-button-prev swiper-btn-testimonial-prev\" style=\"width: 1.75rem !important;\"><\/div>\r\n        <div class=\"swiper-pagination testimonial-pagination\" style=\"width: 100% !important; left: 0rem !important;\"><\/div>\r\n    <\/div>\r\n<\/section>\n\n<section class=\"container-gallery\">\n    <div class=\"gallery\">\n        <div class=\"video-1\">\n                        <video autoplay loop muted>\n                <source src=\"https:\/\/www.espichegolf.pt\/wp-content\/uploads\/2023\/07\/Epvideo2-Init.m4v\" type=\"video\/mp4\">\n                <source src=\"https:\/\/www.espichegolf.pt\/wp-content\/uploads\/2023\/07\/Epvideo2-Init.m4v\" type=\"video\/ogg\">\n                Your browser does not support the video tag.\n            <\/video>\n                        <div class=\"overlay\">\n            <h4>Video 1<\/h4>\n            <\/div>\n        <\/div>\n        <div class=\"text-1\">\n                         <h2>Encontre a sua nova tacada no <mark>Espiche Golf<\/mark>.<\/h2>\n                    <\/div>\n        <div class=\"img-1\">\n                        <img decoding=\"async\" src=\"https:\/\/www.espichegolf.pt\/wp-content\/uploads\/2023\/06\/EG_GOLF-11-min.jpg\" loading=\"lazy\" alt=\"Bandeira de golfe no Algarve\">\n                        <div class=\"overlay\">\n                <h4>Follow us in instagram @espichegolf<\/h4>\n            <\/div>\n        <\/div>\n        <div class=\"img-2\">\n                         <img decoding=\"async\" src=\"https:\/\/www.espichegolf.pt\/wp-content\/uploads\/2023\/06\/EG-2132-min.jpg\" loading=\"lazy\" alt=\"Dois homens a jogar no campo de golf Portugal\">\n                        <div class=\"overlay\">\n                <h4>Image 2<\/h4>\n            <\/div>\n        <\/div>\n        <div class=\"img-3\">\n                         <img decoding=\"async\" src=\"https:\/\/www.espichegolf.pt\/wp-content\/uploads\/2023\/06\/EG_GOLF-14-min.jpg\" loading=\"lazy\" alt=\"Golfe e clubhouse Lagos\">\n                        <div class=\"overlay\">\n                <h4>Image 3<\/h4>\n            <\/div>\n        <\/div>\n        <div class=\"video-2\">\n                        <video autoplay loop muted>\n            <source src=\"https:\/\/www.espichegolf.pt\/wp-content\/uploads\/2023\/02\/pexels-kindel-media-6573536.mp4\" type=\"video\/mp4\">\n            <source src=\"https:\/\/www.espichegolf.pt\/wp-content\/uploads\/2023\/02\/pexels-kindel-media-6573536.mp4\" type=\"video\/ogg\">\n            Your browser does not support the video tag.\n            <\/video>\n                        <div class=\"overlay\">\n                <h3>Follow us in instagram @espichegolf<\/h3>\n            <\/div>\n        <\/div>\n    <\/div>\n<\/section>\n<\/div>\n\n<section class=\"section-newsletter\">\r\n    <div class=\"container\" style=\"text-align: center;\">\r\n\r\n                    <h2>Siga-nos no instagram <mark>@espiche_golf<\/mark><\/h2>\r\n                \r\n                                <a href=\"https:\/\/www.instagram.com\/espiche_golf\/\" class=\"btn btn-blue div-text\" rel=\"noopener\">Siga-nos<\/a>\r\n                        <\/div>\r\n    <!-- container -->\r\n<\/section>\n\n\n","protected":false},"excerpt":{"rendered":"","protected":false},"author":1,"featured_media":0,"parent":0,"menu_order":0,"comment_status":"closed","ping_status":"closed","template":"","meta":{"_acf_changed":false,"inline_featured_image":false,"footnotes":""},"class_list":["post-436","page","type-page","status-publish","hentry"],"acf":[],"_links":{"self":[{"href":"https:\/\/www.espichegolf.pt\/pt-pt\/wp-json\/wp\/v2\/pages\/436","targetHints":{"allow":["GET"]}}],"collection":[{"href":"https:\/\/www.espichegolf.pt\/pt-pt\/wp-json\/wp\/v2\/pages"}],"about":[{"href":"https:\/\/www.espichegolf.pt\/pt-pt\/wp-json\/wp\/v2\/types\/page"}],"author":[{"embeddable":true,"href":"https:\/\/www.espichegolf.pt\/pt-pt\/wp-json\/wp\/v2\/users\/1"}],"replies":[{"embeddable":true,"href":"https:\/\/www.espichegolf.pt\/pt-pt\/wp-json\/wp\/v2\/comments?post=436"}],"version-history":[{"count":165,"href":"https:\/\/www.espichegolf.pt\/pt-pt\/wp-json\/wp\/v2\/pages\/436\/revisions"}],"predecessor-version":[{"id":35282,"href":"https:\/\/www.espichegolf.pt\/pt-pt\/wp-json\/wp\/v2\/pages\/436\/revisions\/35282"}],"wp:attachment":[{"href":"https:\/\/www.espichegolf.pt\/pt-pt\/wp-json\/wp\/v2\/media?parent=436"}],"curies":[{"name":"wp","href":"https:\/\/api.w.org\/{rel}","templated":true}]}}