{"id":2415,"date":"2023-03-21T14:57:22","date_gmt":"2023-03-21T14:57:22","guid":{"rendered":"https:\/\/espiche-golf.crochet.pt\/golf-experience\/course\/"},"modified":"2026-04-20T11:03:10","modified_gmt":"2026-04-20T11:03:10","slug":"campo-de-golfe","status":"publish","type":"page","link":"https:\/\/www.espichegolf.pt\/pt-pt\/golf\/campo-de-golfe\/","title":{"rendered":"Campo de Golfe"},"content":{"rendered":"<!-- header -->\n<figure class=\"main-banner\">\n  <figcaption>\n    <div class=\"container\">\n      <div class=\"row\">\n        <div class=\"col-xl-8 col-lg-10 mx-auto appear animation-opacity\">\n                      <h2 class=\"h1\"  style=\"color: white; font-weight: bold;\">\n              Campo de Golfe            <\/h2>\n                                \n                  <\/div>\n      <\/div>\n    <\/div>\n    <!-- container -->\n  <\/figcaption>\n  <div class=\"img bg-img\">\n\n          <img decoding=\"async\" src=\"https:\/\/www.espichegolf.pt\/wp-content\/uploads\/2023\/07\/EG_GOLF-29-min.jpg\" alt=\"Campo de golf no Algarve\">\n       <\/div>\n  <!-- img -->\n<\/figure>\n\n\n<div style=\"height:90px\" aria-hidden=\"true\" class=\"wp-block-spacer\"><\/div>\n\n\n<section id=\"block_6e34cc5aa4cf4461d1f2f8750f96c131\" class=\"\">\r\n    <div class=\"container\">\r\n        <div class=\"row\">\r\n            <div class=\"col-md-12\">\r\n                <div class=\"text-holder\">\r\n                                            <h2>Uma Experi\u00eancia de Golfe \u00danica no Barlavento Algarvio<\/h2>\r\n                    \r\n                                            <p>O Espiche Golf oferece uma experi\u00eancia distinta para jogadores de todos os n\u00edveis. Situado em plena natureza, nas proximidades de Lagos, o campo \u00e9 reconhecido pelo seu design sustent\u00e1vel e pela forma harmoniosa como se integra na paisagem envolvente. Este campo de 18 buracos, par 72, combina desafio e beleza natural, com vistas amplas sobre as vinhas e em dire\u00e7\u00e3o \u00e0 serra de Monchique.<p>\r\n\r\nCom uma extens\u00e3o de 5.890 metros (6.441 jardas), o percurso apresenta greens amplos e ondulados, protegidos por bunkers estrategicamente posicionados. Lagos, ribeiros e vegeta\u00e7\u00e3o aut\u00f3ctone refor\u00e7am tanto o desafio estrat\u00e9gico como a biodiversidade da \u00e1rea, criando um campo que se distingue pelo seu car\u00e1cter natural e requintado.<\/p>\r\n                                        \r\n                                    <\/div>\r\n            <\/div>\r\n        <\/div>\r\n    <\/div>\r\n<\/section>\r\n\n\n\n<div style=\"height:80px\" aria-hidden=\"true\" class=\"wp-block-spacer\"><\/div>\n\n\n<section class=\"about-section-2 appear animation-left\">\n    <div class=\"container \">\n        <div class=\"row row-about-section-white\" style=\"align-items: center;\">\n            <div class=\"col-lg-6 col-md-6 padding-row appear\">\n                                    <h2>Desafie o seu Jogo<\/h2>\n                                                                    <p>O Espiche Golf recompensa um jogo ponderado e a capacidade de adapta\u00e7\u00e3o. Os fairways estreitos exigem precis\u00e3o desde o tee, enquanto as altera\u00e7\u00f5es de eleva\u00e7\u00e3o e os elementos naturais de \u00e1gua acrescentam complexidade sem se tornarem excessivamente exigentes para os jogadores. <p>\r\n\r\nCada buraco incentiva a precis\u00e3o e decis\u00f5es inteligentes, tornando este um campo onde a concentra\u00e7\u00e3o, a criatividade e uma boa gest\u00e3o de jogo fazem realmente a diferen\u00e7a. Agrad\u00e1vel de percorrer a p\u00e9, o percurso permite aos jogadores apreciar plenamente a tranquilidade envolvente e os ritmos naturais da paisagem algarvia.\r\n\r\n<div>\r\n<a href=\"https:\/\/espiche.golfmanager.com\/consumer\/home\" class=\"btn btn-blue\" rel=\"noopener\">Reserve o seu tee time<\/a>\r\n<\/div><\/p>\n                                \n            <\/div>\n            <div class=\"col-lg-6 col-md-6 img appear\">\n                                   <img decoding=\"async\" src=\"https:\/\/www.espichegolf.pt\/wp-content\/uploads\/2023\/06\/EG-2132-min.jpg\" alt=\"Dois homens a jogar no campo de golf Portugal\"\/>\n                              <\/div>\n        <\/div>\n    <\/div>\n    <div class=\"div-about-section-blue\">\n        <div class=\"container\">\n        <div class=\"row row-about-section-blue\" style=\"align-items: center;\">\n            <div class=\"col-lg-6 col-md-6 img appear appear\">\n                                  <img decoding=\"async\" src=\"https:\/\/www.espichegolf.pt\/wp-content\/uploads\/2026\/02\/EG_GOLF-58-1.jpg\" alt=\"aerial view\"\/>\n                              <\/div>\n            <div class=\"col-lg-6 col-md-6 padding-row appear\">\n                                    <h2>O seu Destino de Golfe em Lagos<\/h2>\n                                                                    <p>Localizado a apenas uma hora do Aeroporto de Faro, o Espiche Golf \u00e9 facilmente acess\u00edvel tanto para jogadores locais como para visitantes internacionais que procuram uma escapadinha relaxante no Algarve.<p>\r\n\r\nLagos oferece o encanto aut\u00eantico do Barlavento Algarvio, onde a costa dram\u00e1tica, as ruas hist\u00f3ricas e a excelente gastronomia criam o complemento perfeito para a sua experi\u00eancia de golfe.<p>\r\n\r\nQuer esteja a planear um fim de semana ou umas f\u00e9rias de golfe de uma semana, os nossos pacotes de golfe e alojamento foram concebidos para se adaptarem a todas as prefer\u00eancias e garantirem uma estadia memor\u00e1vel.<\/p>\n                                                                    <a href=\"mailto:reception@espichegolf.pt\" class=\"btn btn-blue\">Entre em Contacto<\/a>\n                                            <\/div>\n        <\/div>\n        <\/div>\n    <\/div>\n<\/section>\n\n<div class=\"container\">\n<div class=\"section-contact\" style=\"text-align: center;\">\n<h2>Contactos e Reservas de Tee Times<\/h2>\n<p>S\u00edtio dos Matos Brancos, 701 \u2013 N<\/p>\n<p>8600-114 Espiche, Lagos<\/p>\n<p>Algarve &#8211; Portugal<\/p>\n<h3 style=\"margin-top: 2rem;\">Rece\u00e7\u00e3o de Golfe<\/h3>\n<ul class=\"contact-list contact-list-center\">\n<li><svg class=\"contact-icon\" viewBox=\"0 0 24 24\" width=\"20\" height=\"20\" fill=\"currentColor\">\n      <path d=\"M20 15.5c-1.2 0-2.5-.2-3.6-.6h-.3c-.3 0-.5.1-.7.3l-2.2 2.2c-2.8-1.5-5.2-3.8-6.6-6.6l2.2-2.2c.4-.4.6-1 .3-1.6-.4-1.1-.6-2.4-.6-3.6 0-.5-.5-1-1-1H4c-.5 0-1 .5-1 1 0 9.4 7.6 17 17 17 .5 0 1-.5 1-1v-3.5c0-.5-.5-1-1-1z\"><\/path>\n    <\/svg><a href=\"tel:+351 282 688 250\">+351 282 688 250<\/a><\/li>\n<li><svg class=\"contact-icon\" viewBox=\"0 0 24 24\" width=\"20\" height=\"20\" fill=\"currentColor\">\n      <path d=\"M22 6c0-1.1-.9-2-2-2H4c-1.1 0-2 .9-2 2v12c0 1.1.9 2 2 2h16c1.1 0 2-.9 2-2V6zm-2 0l-8 5-8-5h16zm0 12H4V8l8 5 8-5v10z\"><\/path>\n    <\/svg><a href=\"mailto:reception@espichegolf.pt\">reception@espichegolf.pt<\/a><\/li>\n<\/ul>\n<p><a class=\"btn btn-blue btn-contact\" href=\"https:\/\/espiche.golfmanager.com\/consumer\/home\" rel=\"noopener\">Reserve Agora<\/a><\/p>\n<\/div>\n<\/div>\n\n\n<div style=\"height:5rem\" aria-hidden=\"true\" class=\"wp-block-spacer\"><\/div>\n\n\n<div class=\"container\"><div  id=\"jtg-2993\" class=\"modula modula-gallery modula-creative-gallery\" data-config=\"{&quot;height&quot;:650,&quot;tabletHeight&quot;:650,&quot;mobileHeight&quot;:650,&quot;desktopHeight&quot;:650,&quot;enableTwitter&quot;:false,&quot;enableWhatsapp&quot;:false,&quot;enableFacebook&quot;:false,&quot;enablePinterest&quot;:false,&quot;enableLinkedin&quot;:false,&quot;enableEmail&quot;:false,&quot;randomFactor&quot;:0.5,&quot;type&quot;:&quot;creative-gallery&quot;,&quot;columns&quot;:12,&quot;gutter&quot;:10,&quot;mobileGutter&quot;:10,&quot;tabletGutter&quot;:10,&quot;desktopGutter&quot;:10,&quot;enableResponsive&quot;:&quot;0&quot;,&quot;tabletColumns&quot;:&quot;2&quot;,&quot;mobileColumns&quot;:&quot;1&quot;,&quot;lazyLoad&quot;:0,&quot;lightboxOpts&quot;:{&quot;animated&quot;:true,&quot;Thumbs&quot;:{&quot;type&quot;:&quot;modern&quot;,&quot;showOnStart&quot;:false},&quot;Toolbar&quot;:{&quot;display&quot;:{&quot;right&quot;:[&quot;close&quot;]},&quot;enabled&quot;:true},&quot;Carousel&quot;:{&quot;Panzoom&quot;:{&quot;touch&quot;:true},&quot;infinite&quot;:false},&quot;keyboard&quot;:{&quot;Escape&quot;:&quot;close&quot;,&quot;Delete&quot;:&quot;close&quot;,&quot;Backspace&quot;:&quot;close&quot;,&quot;PageUp&quot;:false,&quot;PageDown&quot;:false,&quot;ArrowUp&quot;:false,&quot;ArrowDown&quot;:false,&quot;ArrowRight&quot;:false,&quot;ArrowLeft&quot;:false},&quot;touch&quot;:false,&quot;backdropClick&quot;:false,&quot;l10n&quot;:{&quot;CLOSE&quot;:&quot;Close&quot;,&quot;NEXT&quot;:&quot;Next&quot;,&quot;PREV&quot;:&quot;Previous&quot;,&quot;Error&quot;:&quot;The requested content cannot be loaded. Please try again later.&quot;,&quot;PLAY_START&quot;:&quot;Start slideshow&quot;,&quot;PLAY_STOP&quot;:&quot;Pause slideshow&quot;,&quot;FULL_SCREEN&quot;:&quot;Full screen&quot;,&quot;THUMBS&quot;:&quot;Thumbnails&quot;,&quot;DOWNLOAD&quot;:&quot;Download&quot;,&quot;SHARE&quot;:&quot;Share&quot;,&quot;ZOOM&quot;:&quot;Zoom&quot;,&quot;EMAIL&quot;:&quot;Here is the link to the image : %%image_link%% and this is the link to the gallery : %%gallery_link%%&quot;,&quot;MODAL&quot;:&quot;You can close this modal content with the ESC key&quot;,&quot;ERROR&quot;:&quot;Something Went Wrong, Please Try Again Later&quot;,&quot;IMAGE_ERROR&quot;:&quot;Image Not Found&quot;,&quot;ELEMENT_NOT_FOUND&quot;:&quot;HTML Element Not Found&quot;,&quot;AJAX_NOT_FOUND&quot;:&quot;Error Loading AJAX : Not Found&quot;,&quot;AJAX_FORBIDDEN&quot;:&quot;Error Loading AJAX : Forbidden&quot;,&quot;IFRAME_ERROR&quot;:&quot;Error Loading Page&quot;,&quot;TOGGLE_ZOOM&quot;:&quot;Toggle zoom level&quot;,&quot;TOGGLE_THUMBS&quot;:&quot;Toggle thumbnails&quot;,&quot;TOGGLE_SLIDESHOW&quot;:&quot;Toggle slideshow&quot;,&quot;TOGGLE_FULLSCREEN&quot;:&quot;Toggle full-screen mode&quot;},&quot;Images&quot;:{&quot;Panzoom&quot;:{&quot;maxScale&quot;:2}},&quot;mainClass&quot;:&quot;modula-fancybox-container modula-lightbox-jtg-2993&quot;,&quot;Html&quot;:{&quot;videoAutoplay&quot;:0,&quot;videoTpl&quot;:&quot;&lt;video class=\\&quot;fancybox__html5video\\&quot; controls muted playsinline controlsList controlsList=\\&quot;nodownload\\&quot; poster=\\&quot;{{poster}}\\&quot; src=\\&quot;{{src}}\\&quot; type=\\&quot;{{format}}\\&quot; &gt;  Sorry, your browser doesn&#039;t support embedded videos, &lt;a href=\\&quot;{{src}}\\&quot;&gt; download &lt;\\\/a&gt; and watch with your favorite video player! &lt;\\\/video&gt;&quot;}},&quot;inView&quot;:false,&quot;email_subject&quot;:&quot;Check out this awesome image !!&quot;,&quot;email_message&quot;:&quot;Here is the link to the image : %%image_link%% and this is the link to the gallery : %%gallery_link%%&quot;,&quot;lightbox&quot;:&quot;fancybox&quot;}\">\n\n\t\n\t<div  class=\"modula-items\">\n\t\t<div class=\"modula-item effect-pufrobo\" >\n\t<div class=\"modula-item-overlay\"><\/div>\n\n\t<div class=\"modula-item-content\">\n\n\t\t<a data-image-id=\"6276\" role=\"button\" tabindex=\"0\" rel=\"jtg-2993\" data-caption=\"\" aria-label=\"Open image in lightbox\" class=\"tile-inner modula-item-link\"><\/a><img loading=\"lazy\" decoding=\"async\" class=\"pic wp-image-6276\"  data-valign=\"middle\" data-halign=\"center\" alt=\"hole 9\" data-full=\"https:\/\/www.espichegolf.pt\/wp-content\/uploads\/2023\/06\/EG_GOLF-14-min-1.jpg\" title=\"EG_GOLF (14)-min\" crop=\"\" width=\"2560\" height=\"1707\" src=\"https:\/\/www.espichegolf.pt\/wp-content\/uploads\/2023\/06\/EG_GOLF-14-min-1.jpg\" data-src=\"https:\/\/www.espichegolf.pt\/wp-content\/uploads\/2023\/06\/EG_GOLF-14-min-1.jpg\" data-caption=\"\" srcset=\"https:\/\/www.espichegolf.pt\/wp-content\/uploads\/2023\/06\/EG_GOLF-14-min-1-scaled.jpg 2560w, https:\/\/www.espichegolf.pt\/wp-content\/uploads\/2023\/06\/EG_GOLF-14-min-1-300x200.jpg 300w, https:\/\/www.espichegolf.pt\/wp-content\/uploads\/2023\/06\/EG_GOLF-14-min-1-1024x683.jpg 1024w, https:\/\/www.espichegolf.pt\/wp-content\/uploads\/2023\/06\/EG_GOLF-14-min-1-768x512.jpg 768w, https:\/\/www.espichegolf.pt\/wp-content\/uploads\/2023\/06\/EG_GOLF-14-min-1-1536x1024.jpg 1536w, https:\/\/www.espichegolf.pt\/wp-content\/uploads\/2023\/06\/EG_GOLF-14-min-1-2048x1365.jpg 2048w\" sizes=\"auto, (max-width: 2560px) 100vw, 2560px\" \/>\n\t\t<div class=\"figc no-description\">\n\t\t\t<div class=\"figc-inner\">\n\t\t\t\t\t\t\t\t\t\t\t\t\t\t\t<\/div>\n\t\t<\/div>\n\n\t<\/div>\n\n<\/div><div class=\"modula-item effect-pufrobo\" >\n\t<div class=\"modula-item-overlay\"><\/div>\n\n\t<div class=\"modula-item-content\">\n\n\t\t<a data-image-id=\"6279\" role=\"button\" tabindex=\"0\" rel=\"jtg-2993\" data-caption=\"\" aria-label=\"Open image in lightbox\" class=\"tile-inner modula-item-link\"><\/a><img loading=\"lazy\" decoding=\"async\" class=\"pic wp-image-6279\"  data-valign=\"middle\" data-halign=\"center\" alt=\"golf course sunset\" data-full=\"https:\/\/www.espichegolf.pt\/wp-content\/uploads\/2023\/06\/EG_GOLF-26-min.jpg\" title=\"EG_GOLF (26)-min\" crop=\"\" width=\"2560\" height=\"1709\" src=\"https:\/\/www.espichegolf.pt\/wp-content\/uploads\/2023\/06\/EG_GOLF-26-min.jpg\" data-src=\"https:\/\/www.espichegolf.pt\/wp-content\/uploads\/2023\/06\/EG_GOLF-26-min.jpg\" data-caption=\"\" srcset=\"https:\/\/www.espichegolf.pt\/wp-content\/uploads\/2023\/06\/EG_GOLF-26-min-scaled.jpg 2560w, https:\/\/www.espichegolf.pt\/wp-content\/uploads\/2023\/06\/EG_GOLF-26-min-300x200.jpg 300w, https:\/\/www.espichegolf.pt\/wp-content\/uploads\/2023\/06\/EG_GOLF-26-min-1024x683.jpg 1024w, https:\/\/www.espichegolf.pt\/wp-content\/uploads\/2023\/06\/EG_GOLF-26-min-768x513.jpg 768w, https:\/\/www.espichegolf.pt\/wp-content\/uploads\/2023\/06\/EG_GOLF-26-min-1536x1025.jpg 1536w, https:\/\/www.espichegolf.pt\/wp-content\/uploads\/2023\/06\/EG_GOLF-26-min-2048x1367.jpg 2048w\" sizes=\"auto, (max-width: 2560px) 100vw, 2560px\" \/>\n\t\t<div class=\"figc no-description\">\n\t\t\t<div class=\"figc-inner\">\n\t\t\t\t\t\t\t\t\t\t\t\t\t\t\t<\/div>\n\t\t<\/div>\n\n\t<\/div>\n\n<\/div><div class=\"modula-item effect-pufrobo\" >\n\t<div class=\"modula-item-overlay\"><\/div>\n\n\t<div class=\"modula-item-content\">\n\n\t\t<a data-image-id=\"6288\" role=\"button\" tabindex=\"0\" rel=\"jtg-2993\" data-caption=\"\" aria-label=\"Open image in lightbox\" class=\"tile-inner modula-item-link\"><\/a><img loading=\"lazy\" decoding=\"async\" class=\"pic wp-image-6288\"  data-valign=\"middle\" data-halign=\"center\" alt=\"view from hole 2\" data-full=\"https:\/\/www.espichegolf.pt\/wp-content\/uploads\/2023\/06\/EG_GOLF-39-min-1.jpg\" title=\"EG_GOLF (39)-min\" crop=\"\" width=\"2560\" height=\"1708\" src=\"https:\/\/www.espichegolf.pt\/wp-content\/uploads\/2023\/06\/EG_GOLF-39-min-1.jpg\" data-src=\"https:\/\/www.espichegolf.pt\/wp-content\/uploads\/2023\/06\/EG_GOLF-39-min-1.jpg\" data-caption=\"\" srcset=\"https:\/\/www.espichegolf.pt\/wp-content\/uploads\/2023\/06\/EG_GOLF-39-min-1-scaled.jpg 2560w, https:\/\/www.espichegolf.pt\/wp-content\/uploads\/2023\/06\/EG_GOLF-39-min-1-300x200.jpg 300w, https:\/\/www.espichegolf.pt\/wp-content\/uploads\/2023\/06\/EG_GOLF-39-min-1-1024x683.jpg 1024w, https:\/\/www.espichegolf.pt\/wp-content\/uploads\/2023\/06\/EG_GOLF-39-min-1-768x513.jpg 768w, https:\/\/www.espichegolf.pt\/wp-content\/uploads\/2023\/06\/EG_GOLF-39-min-1-1536x1025.jpg 1536w, https:\/\/www.espichegolf.pt\/wp-content\/uploads\/2023\/06\/EG_GOLF-39-min-1-2048x1367.jpg 2048w\" sizes=\"auto, (max-width: 2560px) 100vw, 2560px\" \/>\n\t\t<div class=\"figc no-description\">\n\t\t\t<div class=\"figc-inner\">\n\t\t\t\t\t\t\t\t\t\t\t\t\t\t\t<\/div>\n\t\t<\/div>\n\n\t<\/div>\n\n<\/div><div class=\"modula-item effect-pufrobo\" >\n\t<div class=\"modula-item-overlay\"><\/div>\n\n\t<div class=\"modula-item-content\">\n\n\t\t<a data-image-id=\"6291\" role=\"button\" tabindex=\"0\" rel=\"jtg-2993\" data-caption=\"\" aria-label=\"Open image in lightbox\" class=\"tile-inner modula-item-link\"><\/a><img loading=\"lazy\" decoding=\"async\" class=\"pic wp-image-6291\"  data-valign=\"middle\" data-halign=\"center\" alt=\"golf course\" data-full=\"https:\/\/www.espichegolf.pt\/wp-content\/uploads\/2023\/06\/EG_GOLF-53-min-1.jpg\" title=\"EG_GOLF (53)-min\" crop=\"\" width=\"2560\" height=\"1709\" src=\"https:\/\/www.espichegolf.pt\/wp-content\/uploads\/2023\/06\/EG_GOLF-53-min-1.jpg\" data-src=\"https:\/\/www.espichegolf.pt\/wp-content\/uploads\/2023\/06\/EG_GOLF-53-min-1.jpg\" data-caption=\"\" srcset=\"https:\/\/www.espichegolf.pt\/wp-content\/uploads\/2023\/06\/EG_GOLF-53-min-1-scaled.jpg 2560w, https:\/\/www.espichegolf.pt\/wp-content\/uploads\/2023\/06\/EG_GOLF-53-min-1-300x200.jpg 300w, https:\/\/www.espichegolf.pt\/wp-content\/uploads\/2023\/06\/EG_GOLF-53-min-1-1024x683.jpg 1024w, https:\/\/www.espichegolf.pt\/wp-content\/uploads\/2023\/06\/EG_GOLF-53-min-1-768x513.jpg 768w, https:\/\/www.espichegolf.pt\/wp-content\/uploads\/2023\/06\/EG_GOLF-53-min-1-1536x1025.jpg 1536w, https:\/\/www.espichegolf.pt\/wp-content\/uploads\/2023\/06\/EG_GOLF-53-min-1-2048x1367.jpg 2048w\" sizes=\"auto, (max-width: 2560px) 100vw, 2560px\" \/>\n\t\t<div class=\"figc no-description\">\n\t\t\t<div class=\"figc-inner\">\n\t\t\t\t\t\t\t\t\t\t\t\t\t\t\t<\/div>\n\t\t<\/div>\n\n\t<\/div>\n\n<\/div><div class=\"modula-item effect-pufrobo\" >\n\t<div class=\"modula-item-overlay\"><\/div>\n\n\t<div class=\"modula-item-content\">\n\n\t\t<a data-image-id=\"6294\" role=\"button\" tabindex=\"0\" rel=\"jtg-2993\" data-caption=\"\" aria-label=\"Open image in lightbox\" class=\"tile-inner modula-item-link\"><\/a><img loading=\"lazy\" decoding=\"async\" class=\"pic wp-image-6294\"  data-valign=\"middle\" data-halign=\"center\" alt=\"aerial view hole 2\" data-full=\"https:\/\/www.espichegolf.pt\/wp-content\/uploads\/2023\/06\/EG_GOLF-57-min.jpg\" title=\"EG_GOLF (57)-min\" crop=\"\" width=\"2560\" height=\"1705\" src=\"https:\/\/www.espichegolf.pt\/wp-content\/uploads\/2023\/06\/EG_GOLF-57-min.jpg\" data-src=\"https:\/\/www.espichegolf.pt\/wp-content\/uploads\/2023\/06\/EG_GOLF-57-min.jpg\" data-caption=\"\" srcset=\"https:\/\/www.espichegolf.pt\/wp-content\/uploads\/2023\/06\/EG_GOLF-57-min-scaled.jpg 2560w, https:\/\/www.espichegolf.pt\/wp-content\/uploads\/2023\/06\/EG_GOLF-57-min-300x200.jpg 300w, https:\/\/www.espichegolf.pt\/wp-content\/uploads\/2023\/06\/EG_GOLF-57-min-1024x682.jpg 1024w, https:\/\/www.espichegolf.pt\/wp-content\/uploads\/2023\/06\/EG_GOLF-57-min-768x511.jpg 768w, https:\/\/www.espichegolf.pt\/wp-content\/uploads\/2023\/06\/EG_GOLF-57-min-1536x1023.jpg 1536w, https:\/\/www.espichegolf.pt\/wp-content\/uploads\/2023\/06\/EG_GOLF-57-min-2048x1364.jpg 2048w\" sizes=\"auto, (max-width: 2560px) 100vw, 2560px\" \/>\n\t\t<div class=\"figc no-description\">\n\t\t\t<div class=\"figc-inner\">\n\t\t\t\t\t\t\t\t\t\t\t\t\t\t\t<\/div>\n\t\t<\/div>\n\n\t<\/div>\n\n<\/div><div class=\"modula-item effect-pufrobo\" >\n\t<div class=\"modula-item-overlay\"><\/div>\n\n\t<div class=\"modula-item-content\">\n\n\t\t<a data-image-id=\"6649\" role=\"button\" tabindex=\"0\" rel=\"jtg-2993\" data-caption=\"\" aria-label=\"Open image in lightbox\" class=\"tile-inner modula-item-link\"><\/a><img loading=\"lazy\" decoding=\"async\" class=\"pic wp-image-6649\"  data-valign=\"middle\" data-halign=\"center\" alt=\"Sustainable Golf Course\" data-full=\"https:\/\/www.espichegolf.pt\/wp-content\/uploads\/2023\/07\/EG_GOLF-31-min-1.jpg\" title=\"EG_GOLF (31)-min\" crop=\"\" width=\"1000\" height=\"667\" src=\"https:\/\/www.espichegolf.pt\/wp-content\/uploads\/2023\/07\/EG_GOLF-31-min-1.jpg\" data-src=\"https:\/\/www.espichegolf.pt\/wp-content\/uploads\/2023\/07\/EG_GOLF-31-min-1.jpg\" data-caption=\"\" srcset=\"https:\/\/www.espichegolf.pt\/wp-content\/uploads\/2023\/07\/EG_GOLF-31-min-1.jpg 1000w, https:\/\/www.espichegolf.pt\/wp-content\/uploads\/2023\/07\/EG_GOLF-31-min-1-300x200.jpg 300w, https:\/\/www.espichegolf.pt\/wp-content\/uploads\/2023\/07\/EG_GOLF-31-min-1-768x512.jpg 768w\" sizes=\"auto, (max-width: 1000px) 100vw, 1000px\" \/>\n\t\t<div class=\"figc no-description\">\n\t\t\t<div class=\"figc-inner\">\n\t\t\t\t\t\t\t\t\t\t\t\t\t\t\t<\/div>\n\t\t<\/div>\n\n\t<\/div>\n\n<\/div><div class=\"modula-item effect-pufrobo\" >\n\t<div class=\"modula-item-overlay\"><\/div>\n\n\t<div class=\"modula-item-content\">\n\n\t\t<a data-image-id=\"6674\" role=\"button\" tabindex=\"0\" rel=\"jtg-2993\" data-caption=\"\" aria-label=\"Open image in lightbox\" class=\"tile-inner modula-item-link\"><\/a><img loading=\"lazy\" decoding=\"async\" class=\"pic wp-image-6674\"  data-valign=\"middle\" data-halign=\"center\" alt=\"aerial view\" data-full=\"https:\/\/www.espichegolf.pt\/wp-content\/uploads\/2023\/07\/EG_GOLF-58-min.jpg\" title=\"EG_GOLF (58)-min\" crop=\"\" width=\"1000\" height=\"666\" src=\"https:\/\/www.espichegolf.pt\/wp-content\/uploads\/2023\/07\/EG_GOLF-58-min.jpg\" data-src=\"https:\/\/www.espichegolf.pt\/wp-content\/uploads\/2023\/07\/EG_GOLF-58-min.jpg\" data-caption=\"\" srcset=\"https:\/\/www.espichegolf.pt\/wp-content\/uploads\/2023\/07\/EG_GOLF-58-min.jpg 1000w, https:\/\/www.espichegolf.pt\/wp-content\/uploads\/2023\/07\/EG_GOLF-58-min-300x200.jpg 300w, https:\/\/www.espichegolf.pt\/wp-content\/uploads\/2023\/07\/EG_GOLF-58-min-768x511.jpg 768w\" sizes=\"auto, (max-width: 1000px) 100vw, 1000px\" \/>\n\t\t<div class=\"figc no-description\">\n\t\t\t<div class=\"figc-inner\">\n\t\t\t\t\t\t\t\t\t\t\t\t\t\t\t<\/div>\n\t\t<\/div>\n\n\t<\/div>\n\n<\/div>\t\t\n\t<\/div>\n\n\t\n\t\n\t<script type=\"application\/ld+json\">\n\t{\n\t\t\"@context\": \"http:\/\/schema.org\",\n\t\t\"@type\"   : \"ImageGallery\",\n\t\t\"id\"      : \"https:\/\/www.espichegolf.pt\/pt-pt\/golf\/campo-de-golfe\/\",\n\t\t\"url\"     : \"https:\/\/www.espichegolf.pt\/pt-pt\/golf\/campo-de-golfe\/\"\n\t}\n\n\t<\/script>\n\n\t\n<\/div>\n<\/div>\n\n\n<div style=\"height:90px\" aria-hidden=\"true\" class=\"wp-block-spacer\"><\/div>\n","protected":false},"excerpt":{"rendered":"<p>Contactos e Reservas de Tee Times S\u00edtio dos Matos Brancos, 701 \u2013 N 8600-114 Espiche, Lagos Algarve &#8211; Portugal Rece\u00e7\u00e3o de Golfe +351 282 688 250 reception@espichegolf.pt Reserve Agora<\/p>\n","protected":false},"author":1,"featured_media":0,"parent":2413,"menu_order":1,"comment_status":"closed","ping_status":"closed","template":"","meta":{"_acf_changed":false,"inline_featured_image":false,"footnotes":""},"class_list":["post-2415","page","type-page","status-publish","hentry"],"acf":[],"_links":{"self":[{"href":"https:\/\/www.espichegolf.pt\/pt-pt\/wp-json\/wp\/v2\/pages\/2415","targetHints":{"allow":["GET"]}}],"collection":[{"href":"https:\/\/www.espichegolf.pt\/pt-pt\/wp-json\/wp\/v2\/pages"}],"about":[{"href":"https:\/\/www.espichegolf.pt\/pt-pt\/wp-json\/wp\/v2\/types\/page"}],"author":[{"embeddable":true,"href":"https:\/\/www.espichegolf.pt\/pt-pt\/wp-json\/wp\/v2\/users\/1"}],"replies":[{"embeddable":true,"href":"https:\/\/www.espichegolf.pt\/pt-pt\/wp-json\/wp\/v2\/comments?post=2415"}],"version-history":[{"count":117,"href":"https:\/\/www.espichegolf.pt\/pt-pt\/wp-json\/wp\/v2\/pages\/2415\/revisions"}],"predecessor-version":[{"id":35273,"href":"https:\/\/www.espichegolf.pt\/pt-pt\/wp-json\/wp\/v2\/pages\/2415\/revisions\/35273"}],"up":[{"embeddable":true,"href":"https:\/\/www.espichegolf.pt\/pt-pt\/wp-json\/wp\/v2\/pages\/2413"}],"wp:attachment":[{"href":"https:\/\/www.espichegolf.pt\/pt-pt\/wp-json\/wp\/v2\/media?parent=2415"}],"curies":[{"name":"wp","href":"https:\/\/api.w.org\/{rel}","templated":true}]}}